{"id":1205,"date":"2015-12-28T14:45:48","date_gmt":"2015-12-28T12:45:48","guid":{"rendered":"http:\/\/koller.bz\/?page_id=1205"},"modified":"2024-12-02T11:49:52","modified_gmt":"2024-12-02T09:49:52","slug":"training","status":"publish","type":"page","link":"https:\/\/koller.bz\/?page_id=1205","title":{"rendered":"Training"},"content":{"rendered":"<h2><strong>IPSC EINF\u00dcHRUNGSKURS<\/strong><\/h2>\n<p>IPSC EINF\u00dcHRUNGSKURS nach <a href=\"http:\/\/www.luckydelta.com\/training\/training-ipsc\/\" target=\"_blank\" rel=\"noopener noreferrer\">LuckyDelta<\/a> Standards. Der Kursinhalt entspricht weitgehend dem IPSC EINF\u00dcHRUNGSKURS von Bosko Rasovic, welchen er auch \u00fcber sein Portal <a href=\"http:\/\/www.luckydelta.com\/\" target=\"_blank\" rel=\"noopener noreferrer\">LuckyDelta<\/a> anbietet. Da Bosko und ich sehr gute Freunde sind werden unsere Trainingsmethoden laufend abgeglichen und weiterentwickelt.<\/p>\n<p>IPSC EINF\u00dcHRUNGSKURS nach <a href=\"https:\/\/misia.world\" target=\"_blank\" rel=\"noopener\">MiSiA<\/a> Standards. Der Kursinhalt entspricht genau dem von der Main International Shooting Instructors Association vorgegebenen Inhalten und man erh\u00e4lt bei erfolgreicher Absolvierung ein Zertifikat. Dieser Kurs wird nur auf Anfrage angeboten und dauert ca. 2 Tage).<\/p>\n<p><img loading=\"lazy\" decoding=\"async\" src=\"https:\/\/lh3.googleusercontent.com\/pw\/AP1GczO4DVDCK1hgnpxanf_-Q98YvnTMuZS4Xg04BMi442am-iVl8XiZtdzOl7cMJwQAVbGl9PqMLHShLhKoW2koJpKO1sLv-yiBiqB-qdnAEAZO1vsr_BnDyMp3IW6Pc6hVQ9YmPFnJLa-5D4tsJeY62v3TMQ=w1242-h861-s-no-gm?authuser=0\" alt=\"\" width=\"650\" height=\"451\" \/><\/p>\n<hr \/>\n<h2><strong>KURSLEITER<\/strong><\/h2>\n<p>Dipl.-Ing. Hans Georg Koller (Mitglied des \u00d6sterr. IPSC Nationalteams 2013, 2014, 2016 und 2017 \u2013 Production Division, 2015 &#8211; Open Rifle Division, 2019, 2022, 2023 &#8211; Standard Division, Vizestaatsmeister Standard Divison 2017, Staatsmeister Standard Divison 2020 u. 2023, Vizestaatsmeister Classic Division 2023).<\/p>\n<p>Zertifizierter <a href=\"https:\/\/misia.world\" target=\"_blank\" rel=\"noopener\">MiSiA<\/a> (Main International Shooting Instructors Association) Handgun Instructor.<\/p>\n<hr \/>\n<h2><strong>EINF\u00dcHRUNGSKURS nach LuckyDelta Standards<\/strong><\/h2>\n<p>Termine nach Vereinbarung. Kursdauer betr\u00e4gt 3-4 Stunden je Termin.<\/p>\n<p>Einzel- oder Gruppentraining m\u00f6glich, maximale Teilnehmeranzahl je Gruppe sind 6 Personen.<\/p>\n<p>Munitionsbedarf ca. 400-500 Schuss bei Einzeltermin und ca. 300 Schuss je Kursteilnehmer bei Gruppenterminen.<\/p>\n<hr \/>\n<h2><strong>KURSST\u00c4TTE<\/strong><\/h2>\n<p>Schie\u00dfst\u00e4tte nach Vereinbarung.<\/p>\n<hr \/>\n<h2><strong>AUSR\u00dcSTUNG<\/strong><\/h2>\n<ul>\n<li>Pistole (Kaliber ab Kaliber 9x19mm oder keine Kleinkaliberpistolen)<\/li>\n<li>mindestens 4 Magazine und mindestens 4 Magazintaschen<\/li>\n<li>Pistolen-Holster (au\u00dfenliegendes Einsteckholster oder IPSC-Speedholster)\u00a0KEINE OBERSCHENKEL-HOLSTER<\/li>\n<li>steifer Waffengurt oder IPSC-Gurt (Klettgurt mit Ober- und Untergurt)<\/li>\n<li>Schutzbrille und Kapselgeh\u00f6rschutz<\/li>\n<\/ul>\n<hr \/>\n<h2><strong>LEIH-AUSR\u00dcSTUNG vorhanden<\/strong><\/h2>\n<ul>\n<li>Pistole Glock 17, Kaliber 9x19mm, Magazine und Magazintaschen, Pistolen-(Einsteck)-Holster.<\/li>\n<\/ul>\n<p>Ausr\u00fcstungs-Leihgeb\u00fchr jeweils EUR 40,- inkl. MWST.<\/p>\n<p>Munition: Nutzung der Leihausr\u00fcstung nur mit Markenmunition (entweder selber beigestellt oder Kaufm\u00f6glichkeit im Kurs). Es wird ausdr\u00fccklich darauf hingewiesen, dass die Verwendung von selbst mitgebrachter Reloaded-Munition bei Leihausr\u00fcstung NICHT gestattet ist. Falls Munitionsbedarf besteht, bitte bei der Anmeldung zum Kurs darauf hinweisen.<\/p>\n<hr \/>\n<h2><strong>KURSGEB\u00dcHR<\/strong><\/h2>\n<ul>\n<li>\u20ac 100,- inkl. MWST und exkl. Munition pro Kursteilnehmer bei Gruppe ab 3 Personen.<\/li>\n<li>\u20ac\u00a0200,- inkl. MWST und exkl. Munition pro Kursteilnehmer bei 2 Personen.<\/li>\n<li>\u20ac 400,- inkl. MWST und exkl. Munition bei Einzeltraining.<\/li>\n<\/ul>\n<ul>\n<li>\u20ac 100,- inkl. MWST und exkl. Munition pro Einzelstunde.<\/li>\n<\/ul>\n<p>In der Kursgeb\u00fchr inkludiert sind Zielscheiben und Patches (Schusspflaster).<\/p>\n<p>Nicht inkludiert sind eventuell anfallende Schie\u00dfst\u00e4ttengeb\u00fchren f\u00fcr Gastsch\u00fctzen.<\/p>\n<hr \/>\n<h2><strong>KURSINHALT<\/strong><\/h2>\n<h3>Theorieteil (ca. 1 Stunde):<\/h3>\n<ul>\n<li>SICHERHEITSREGELN und sichere Handhabung der Waffe (wird sowohl im Theorie- als auch im Praxisteil behandelt).<\/li>\n<li>Er\u00f6rterung des IPSC Wertungssystems.<\/li>\n<li>Erkl\u00e4rung der Funktionsweise und Pflege der Pistole.<\/li>\n<li>Zusammenh\u00e4nge Visierbild und Trefferbild, Er\u00f6rterung der unterschiedlichen situationsbedingten Zieltechniken und des Acceptable Sight-Picture.<\/li>\n<li>Budget-Planung mit Bezug auf IPSC (Ausr\u00fcstungskosten, Munitionskosten, erforderliche Vereinsmitglieds- und Verbandsbeitr\u00e4ge, Matchteilnahmegeb\u00fchren uvm.)<\/li>\n<li>Reloading (Kosten\u00fcberblick, Break-Even Rechnung der Investionskosten f\u00fcr Wiederladeausr\u00fcstung etc.)<\/li>\n<li>St\u00f6rungsbehebung und sicheres Entladen der Waffe direkt am Schie\u00dfstand bei z.B. gebrochenem Schlittenfanghebel in Kombination mit feststeckendem Verschluss und Patrone im Patronenlager.<\/li>\n<li>Rechtzeitiges Erkennen eines im Lauf steckengebliebenen Projektils und sichere St\u00f6rungsbehebung.<\/li>\n<\/ul>\n<h3>Praxisteil (ca. 3 Stunden):<\/h3>\n<ul>\n<li>korrekte Einstellung der Ausr\u00fcstung (Holster und Magazinshalter)<\/li>\n<li>Basistechniken \u2013 Griff, Stand, Visierbild<\/li>\n<li>Veranschaulichung der SICHERHEITSREGELN (erfolgt parallel zu den \u00dcbungen \u00fcber die gesamte Kursdauer)<\/li>\n<li>Zieltechniken und Acceptable Sight Picture<\/li>\n<li>Draw (Ziehen der Waffe aus dem Holster)<\/li>\n<li>Kadenz und Target-Transitionen<\/li>\n<li>Magazinswechsel im Stand (Magazin vom G\u00fcrtel, vom Tisch etc.)<\/li>\n<li>Aufnehmen der Waffe vom Tisch<\/li>\n<li>Einh\u00e4ndiges Schie\u00dfen (schu\u00dfstarke und schu\u00dfschwache Hand)<\/li>\n<\/ul>\n<hr \/>\n<h2><strong>KURSTEILNAHMEVORAUSSETZUNG<\/strong><\/h2>\n<ul>\n<li>G\u00fcltiges waffenrechtliches Dokument (Waffenpass, WBK, Jagdkarte)<\/li>\n<li>Haftungsausschluss ist vom Kursteilnehmer vor Kursbeginn zu unterschreiben.<\/li>\n<li>Die Kursleiter behalten sich das Recht vor verhaltensauff\u00e4llige Kursteilnehmer, die sich selbst oder andere gef\u00e4hrden, vom Kurs auszuschlie\u00dfen.<\/li>\n<\/ul>\n<hr \/>\n<h2><strong>ANMELDUNG und INFO<\/strong><\/h2>\n<p><a href=\"https:\/\/koller.bz\/?page_id=40\">Link zum Kontaktformular<\/a><\/p>\n","protected":false},"excerpt":{"rendered":"<p>IPSC EINF\u00dcHRUNGSKURS IPSC EINF\u00dcHRUNGSKURS nach LuckyDelta Standards. Der Kursinhalt entspricht weitgehend dem IPSC EINF\u00dcHRUNGSKURS von Bosko Rasovic, welchen er auch \u00fcber sein Portal LuckyDelta anbietet. Da Bosko und ich sehr gute Freunde sind werden unsere Trainingsmethoden laufend abgeglichen und weiterentwickelt. &hellip; <a href=\"https:\/\/koller.bz\/?page_id=1205\">Weiterlesen <span class=\"meta-nav\">&rarr;<\/span><\/a><\/p>\n","protected":false},"author":1,"featured_media":0,"parent":0,"menu_order":0,"comment_status":"closed","ping_status":"closed","template":"onecolumn-page.php","meta":{"footnotes":""},"class_list":["post-1205","page","type-page","status-publish","hentry"],"aioseo_notices":[],"_links":{"self":[{"href":"https:\/\/koller.bz\/index.php?rest_route=\/wp\/v2\/pages\/1205","targetHints":{"allow":["GET"]}}],"collection":[{"href":"https:\/\/koller.bz\/index.php?rest_route=\/wp\/v2\/pages"}],"about":[{"href":"https:\/\/koller.bz\/index.php?rest_route=\/wp\/v2\/types\/page"}],"author":[{"embeddable":true,"href":"https:\/\/koller.bz\/index.php?rest_route=\/wp\/v2\/users\/1"}],"replies":[{"embeddable":true,"href":"https:\/\/koller.bz\/index.php?rest_route=%2Fwp%2Fv2%2Fcomments&post=1205"}],"version-history":[{"count":18,"href":"https:\/\/koller.bz\/index.php?rest_route=\/wp\/v2\/pages\/1205\/revisions"}],"predecessor-version":[{"id":3140,"href":"https:\/\/koller.bz\/index.php?rest_route=\/wp\/v2\/pages\/1205\/revisions\/3140"}],"wp:attachment":[{"href":"https:\/\/koller.bz\/index.php?rest_route=%2Fwp%2Fv2%2Fmedia&parent=1205"}],"curies":[{"name":"wp","href":"https:\/\/api.w.org\/{rel}","templated":true}]}}