{"id":26,"date":"2013-04-21T12:18:47","date_gmt":"2013-04-21T10:18:47","guid":{"rendered":"http:\/\/koller.bz\/?page_id=26"},"modified":"2026-01-20T18:53:31","modified_gmt":"2026-01-20T16:53:31","slug":"steckbrief","status":"publish","type":"page","link":"https:\/\/koller.bz\/?page_id=26","title":{"rendered":"Steckbrief"},"content":{"rendered":"<p><strong>Name:<\/strong> Dipl.-Ing. Hans Georg Koller, BSc<a href=\"https:\/\/koller.bz\/wp-content\/uploads\/2013\/04\/Summerstage-2010.jpg\"><img loading=\"lazy\" decoding=\"async\" class=\"alignright size-medium wp-image-27\" src=\"https:\/\/koller.bz\/wp-content\/uploads\/2013\/04\/Summerstage-2010-225x300.jpg\" alt=\"Summerstage 2010\" width=\"225\" height=\"300\" srcset=\"https:\/\/koller.bz\/wp-content\/uploads\/2013\/04\/Summerstage-2010-225x300.jpg 225w, https:\/\/koller.bz\/wp-content\/uploads\/2013\/04\/Summerstage-2010.jpg 480w\" sizes=\"auto, (max-width: 225px) 100vw, 225px\" \/><\/a><\/p>\n<p><strong>Geburtstag:<\/strong> 03.02.1983<\/p>\n<p><strong>Nationalit\u00e4t:<\/strong> \u00d6sterreich<\/p>\n<p><strong>Wohnort:<\/strong> Kirchbach in der Steiermark<\/p>\n<p><strong>Hobbys:<\/strong> Sportschie\u00dfen, Wiederladen<\/p>\n<p><strong>Beruf:<\/strong> Entwicklungsingenieur Elektrik\/Elektronik<\/p>\n<p>In meiner Pflichtschulzeit widmete ich mich dem Judo. In 9 Jahren beim <a href=\"http:\/\/www.judo.kirchbach.at\/\" target=\"_blank\" rel=\"noopener noreferrer\">Union-Judo-Klub Kirchbach<\/a> konnte ich einige Erfolge verzeichnen. W\u00e4hrend meiner Lehrzeit als Betriebselektriker und Maschinenschlosser begann ich mit dem Motocross. In 8 Jahren bestritt ich einige Hobbycups und konnte auch hier einige Triumphe verbuchen. Da dieser Sport sehr Zeit- und Kostenintensiv war h\u00e4ngte ich den Sport 2006 an den Nagel und widmete mich der Weiterbildung.<\/p>\n<p>Im Jahr 2006 war ich mit den Arbeitskollegen das erste mal beim Wurfscheibenschie\u00dfen. Dabei stellte sich heraus, dass mein damaliger Arbeitskollege auch Faustfeuerwaffen besitzt und es dauerte nicht lange bis wir zusammen den Schie\u00dfstand besuchten. Begeistert von der sportlichen Herausforderung beantragte ich 2007 eine Waffenbesitzkarte. Darauf hin nahm mich ein Kollege zum ersten IPSC Training beim <a href=\"http:\/\/www.lh-graz.at\/\" target=\"_blank\" rel=\"noopener noreferrer\">LH-Graz<\/a> mit. Total fasziniert von der Pr\u00e4zision und Geschwindigkeit war ich sofort mit dem IPSC-Virus infiziert.<\/p>\n<p>Seit Ende 2007 bin ich aktiver IPSC Sch\u00fctze und konnte durch die Unterst\u00fctzung vom <a href=\"http:\/\/www.lh-graz.at\/\" target=\"_blank\" rel=\"noopener noreferrer\">LH-Graz<\/a> schon einige Erfolge feiern.<\/p>\n<p>Aufgrund der sehr guten Erfolgsbilanz der vergangenen Jahre wurde ich 2013, 2014, 2016, 2017, 2019, 2022, 2023 und 2026 ins \u00d6sterreichische Nationalteam einberufen. 2020, 2023 und 2024 sicherte ich mir den Staatsmeistertitel.<\/p>\n<p><img loading=\"lazy\" decoding=\"async\" class=\"alignnone\" src=\"https:\/\/lh3.googleusercontent.com\/-PWGDsu4y7Eo\/VDK2ZfMajLI\/AAAAAAAABxY\/oBx1DktFQcQ\/s2048-Ic42\/%2525C2%2525A9_Lozar_MG_5246-Edit-2_005.jpg\" alt=\"\" width=\"500\" height=\"750\" \/><\/p>\n<h6>Foto: <a href=\"http:\/\/stefanlozar.com\/\" target=\"_blank\" rel=\"noopener noreferrer\">Stefan Lozar<\/a><\/h6>\n<p class=\"clear\">\n","protected":false},"excerpt":{"rendered":"<p>Name: Dipl.-Ing. Hans Georg Koller, BSc Geburtstag: 03.02.1983 Nationalit\u00e4t: \u00d6sterreich Wohnort: Kirchbach in der Steiermark Hobbys: Sportschie\u00dfen, Wiederladen Beruf: Entwicklungsingenieur Elektrik\/Elektronik In meiner Pflichtschulzeit widmete ich mich dem Judo. In 9 Jahren beim Union-Judo-Klub Kirchbach konnte ich einige Erfolge verzeichnen. &hellip; <a href=\"https:\/\/koller.bz\/?page_id=26\">Weiterlesen <span class=\"meta-nav\">&rarr;<\/span><\/a><\/p>\n","protected":false},"author":1,"featured_media":0,"parent":0,"menu_order":0,"comment_status":"closed","ping_status":"closed","template":"onecolumn-page.php","meta":{"footnotes":""},"class_list":["post-26","page","type-page","status-publish","hentry"],"aioseo_notices":[],"_links":{"self":[{"href":"https:\/\/koller.bz\/index.php?rest_route=\/wp\/v2\/pages\/26","targetHints":{"allow":["GET"]}}],"collection":[{"href":"https:\/\/koller.bz\/index.php?rest_route=\/wp\/v2\/pages"}],"about":[{"href":"https:\/\/koller.bz\/index.php?rest_route=\/wp\/v2\/types\/page"}],"author":[{"embeddable":true,"href":"https:\/\/koller.bz\/index.php?rest_route=\/wp\/v2\/users\/1"}],"replies":[{"embeddable":true,"href":"https:\/\/koller.bz\/index.php?rest_route=%2Fwp%2Fv2%2Fcomments&post=26"}],"version-history":[{"count":27,"href":"https:\/\/koller.bz\/index.php?rest_route=\/wp\/v2\/pages\/26\/revisions"}],"predecessor-version":[{"id":3272,"href":"https:\/\/koller.bz\/index.php?rest_route=\/wp\/v2\/pages\/26\/revisions\/3272"}],"wp:attachment":[{"href":"https:\/\/koller.bz\/index.php?rest_route=%2Fwp%2Fv2%2Fmedia&parent=26"}],"curies":[{"name":"wp","href":"https:\/\/api.w.org\/{rel}","templated":true}]}}