{"id":70,"date":"2013-04-21T17:15:35","date_gmt":"2013-04-21T15:15:35","guid":{"rendered":"http:\/\/koller.bz\/?page_id=70"},"modified":"2026-05-12T12:31:10","modified_gmt":"2026-05-12T10:31:10","slug":"links","status":"publish","type":"page","link":"https:\/\/koller.bz\/?page_id=70","title":{"rendered":"Links"},"content":{"rendered":"<p><strong>Verb\u00e4nde:<\/strong><\/p>\n<ul>\n<li><a href=\"https:\/\/www.asf-shooting.at\/de\" target=\"_blank\" rel=\"noopener noreferrer\">Austria Sportsch\u00fctzen Fachverband<\/a><\/li>\n<li><a href=\"http:\/\/www.ipscaustria.at\/\" target=\"_blank\" rel=\"noopener noreferrer\">IPSC-Austria<\/a><\/li>\n<li><a href=\"http:\/\/www.ipsc.org\/\" target=\"_blank\" rel=\"noopener noreferrer\">IPSC-International<\/a><\/li>\n<\/ul>\n<p><strong>Sch\u00fctzenvereine:<\/strong><\/p>\n<ul>\n<li><a href=\"http:\/\/www.lh-graz.at\" target=\"_blank\" rel=\"noopener noreferrer\">Sch\u00fctzenverein der Landeshauptstadt Graz<\/a><\/li>\n<li><a href=\"http:\/\/www.asc.or.at\/\" target=\"_blank\" rel=\"noopener noreferrer\">ASC (Aichfelder Sch\u00fctzen Club)<\/a><\/li>\n<li><a href=\"http:\/\/www.polizeisv-graz.at\/sektion-schiessen\/\" target=\"_blank\" rel=\"noopener noreferrer\">Polizei SV-Graz (Polizeisportverein Sektion Schie\u00dfen)<\/a><\/li>\n<li><a href=\"https:\/\/www.postsvgraz.at\/sektionen\/sektion-schiessen\" target=\"_blank\" rel=\"noopener\">Post SV Graz (Postsportverein Sektion Schie\u00dfen)<\/a><\/li>\n<li><a href=\"http:\/\/www.ipsc-burgenland.at\/\" target=\"_blank\" rel=\"noopener noreferrer\">PSV Burgenland (Polizeisportverein Sektion IPSC)<\/a><\/li>\n<li><a href=\"https:\/\/psv-linz.at\/sektionen\/pps.html\" target=\"_blank\" rel=\"noopener\">PSV Linz\u00a0(Polizeisportverein Sektion IPSC)<\/a><\/li>\n<li><a href=\"http:\/\/s-c-w.net\" target=\"_blank\" rel=\"noopener noreferrer\">SCW (Sportsch\u00fctzenclub Wien)<\/a><\/li>\n<li><a href=\"http:\/\/www.sgw-leobersdorf.at\/\" target=\"_blank\" rel=\"noopener noreferrer\">SGW Leobersdorf (Sch\u00fctzengilde Wien &#8211; Leobersdorf)<\/a><\/li>\n<li><a href=\"http:\/\/www.sscmahoe.com\/\" target=\"_blank\" rel=\"noopener noreferrer\">SSC Matzendorf-H\u00f6lles (Sportsch\u00fctzenverein)<\/a><\/li>\n<li><a href=\"http:\/\/www.ssv-nibelungen.at\/\" target=\"_blank\" rel=\"noopener noreferrer\">SSV Nibelungen-Gutenbrunn (Sportsch\u00fctzenverein)<\/a><\/li>\n<li><a href=\"http:\/\/www.ssv-jagerberg.at\/\" target=\"_blank\" rel=\"noopener noreferrer\">SSV Jagerberg (Sportsch\u00fctzenverein)<\/a><\/li>\n<li><a href=\"https:\/\/sr-kittenbach.at\/\" target=\"_blank\" rel=\"noopener\">Sch\u00fctzenrunde Kittenbach<\/a><\/li>\n<li><a href=\"http:\/\/www.slge.at\/\" target=\"_blank\" rel=\"noopener noreferrer\">S.L.G.E. Gm\u00fcnd<\/a><\/li>\n<li><a href=\"http:\/\/leuchtspur.eu\/\" target=\"_blank\" rel=\"noopener noreferrer\">Leuchtspur.eu (Sch\u00fctzenverein\/ Sch\u00fctzenforum)<\/a><\/li>\n<li><a href=\"http:\/\/www.ipsc.at\/\" target=\"_blank\" rel=\"noopener noreferrer\">Royal Shooting Federation Unterfrauenhaid<\/a><\/li>\n<\/ul>\n<p><strong>Handel:<\/strong><\/p>\n<ul>\n<li><a href=\"https:\/\/aworat.at\/\" target=\"_blank\" rel=\"noopener noreferrer\">AWOrat.at<\/a><\/li>\n<li><a href=\"https:\/\/cesar-shop.com\/\" target=\"_blank\" rel=\"noopener noreferrer\">CESAR-Shop.com<\/a><\/li>\n<li><a href=\"https:\/\/www.luckydelta.com\/\" target=\"_blank\" rel=\"noopener noreferrer\">LuckyDelta.com<\/a><\/li>\n<li><a href=\"http:\/\/www.rangeisclear.com\/\" target=\"_blank\" rel=\"noopener noreferrer\">RangeIsClear.com<\/a><\/li>\n<li><a href=\"https:\/\/www.storesafepeople.com\/\" target=\"_blank\" rel=\"noopener noreferrer\">StoreSafePeople.com<\/a><\/li>\n<li><a href=\"http:\/\/www.speedshooter.at\/\" target=\"_blank\" rel=\"noopener noreferrer\">Kronberger Waffen und Munition<\/a><\/li>\n<li><a href=\"https:\/\/www.shootingstore.at\/\" target=\"_blank\" rel=\"noopener noreferrer\">Shootingstore Austria<\/a><\/li>\n<li><a href=\"http:\/\/www.doublealpha.biz\/?language=de\" target=\"_blank\" rel=\"noopener noreferrer\">Double Alpha Academy<\/a><\/li>\n<li><a href=\"http:\/\/www.waffenbrunnsteiner.com\/\" target=\"_blank\" rel=\"noopener noreferrer\">Waffen Brunnsteiner<\/a><\/li>\n<\/ul>\n<p><strong>Sonstiges:<\/strong><\/p>\n<ul>\n<li><a href=\"http:\/\/www.pulverdampf.com\/\" target=\"_blank\" rel=\"noopener noreferrer\">Pulverdampf<\/a><\/li>\n<li><a href=\"http:\/\/www.iwoe.at\/\" target=\"_blank\" rel=\"noopener noreferrer\">IW\u00d6<\/a><\/li>\n<li><a href=\"https:\/\/ipscelo.com\/\" target=\"_blank\" rel=\"noopener\">IPSC ELO rating<\/a><\/li>\n<li><a href=\"http:\/\/www.shootingarea.eu\/de\/calendar-ipsc\" target=\"_blank\" rel=\"noopener noreferrer\">Shooting Area<\/a><\/li>\n<li><a href=\"http:\/\/www.makeready.info\/\" target=\"_blank\" rel=\"noopener noreferrer\">Makeready<\/a><\/li>\n<li><a href=\"https:\/\/www.alsaproteam.cz\/en\/calendar\" target=\"_blank\" rel=\"noopener\">AlsaPro Team<\/a><\/li>\n<li><a href=\"https:\/\/cesar-dvc.com\/results\/\" target=\"_blank\" rel=\"noopener\">Cesar-DVC<\/a><\/li>\n<li><a href=\"https:\/\/www.letsgoshooting.at\/pew-pew\/\" target=\"_blank\" rel=\"noopener\">Let&#8217;s go shooting in Austria<\/a><\/li>\n<li><a href=\"https:\/\/linktr.ee\/hitfactorgenie\" target=\"_blank\" rel=\"noopener\">Hit Factor Genie<\/a><\/li>\n<li><a href=\"https:\/\/ipsc-matches.com\/en\" target=\"_blank\" rel=\"noopener\">IPSC Matches<\/a><\/li>\n<li><a href=\"https:\/\/www.ipscplanner.com\/dashboard\" target=\"_blank\" rel=\"noopener\">IPSC Planner<\/a><\/li>\n<li><a href=\"https:\/\/ipsc.zone\/\" target=\"_blank\" rel=\"noopener\">IPSC Zone<\/a><\/li>\n<li><a href=\"https:\/\/practiscore.com\/\" target=\"_blank\" rel=\"noopener noreferrer\">PractiScore<\/a><\/li>\n<\/ul>\n<p>Sportsch\u00fctzen:<\/p>\n<ul>\n<li><a href=\"https:\/\/www.ericgrauffelonlineshop.com\/en\/\" target=\"_blank\" rel=\"noopener noreferrer\">Eric Grauffel<\/a><\/li>\n<li><a href=\"https:\/\/www.facebook.com\/NilsJonassonFanPage\" target=\"_blank\" rel=\"noopener noreferrer\">Nils Jonasson<\/a><\/li>\n<li><a href=\"http:\/\/benstoeger.com\/\" target=\"_blank\" rel=\"noopener noreferrer\">Ben Stoeger<\/a><\/li>\n<li><a href=\"http:\/\/www.luckydelta.com\/\" target=\"_blank\" rel=\"noopener noreferrer\">Bosko Rasovic<\/a><\/li>\n<\/ul>\n","protected":false},"excerpt":{"rendered":"<p>Verb\u00e4nde: Austria Sportsch\u00fctzen Fachverband IPSC-Austria IPSC-International Sch\u00fctzenvereine: Sch\u00fctzenverein der Landeshauptstadt Graz ASC (Aichfelder Sch\u00fctzen Club) Polizei SV-Graz (Polizeisportverein Sektion Schie\u00dfen) Post SV Graz (Postsportverein Sektion Schie\u00dfen) PSV Burgenland (Polizeisportverein Sektion IPSC) PSV Linz\u00a0(Polizeisportverein Sektion IPSC) SCW (Sportsch\u00fctzenclub Wien) SGW Leobersdorf &hellip; <a href=\"https:\/\/koller.bz\/?page_id=70\">Weiterlesen <span class=\"meta-nav\">&rarr;<\/span><\/a><\/p>\n","protected":false},"author":1,"featured_media":0,"parent":0,"menu_order":0,"comment_status":"closed","ping_status":"closed","template":"onecolumn-page.php","meta":{"footnotes":""},"class_list":["post-70","page","type-page","status-publish","hentry"],"aioseo_notices":[],"_links":{"self":[{"href":"https:\/\/koller.bz\/index.php?rest_route=\/wp\/v2\/pages\/70","targetHints":{"allow":["GET"]}}],"collection":[{"href":"https:\/\/koller.bz\/index.php?rest_route=\/wp\/v2\/pages"}],"about":[{"href":"https:\/\/koller.bz\/index.php?rest_route=\/wp\/v2\/types\/page"}],"author":[{"embeddable":true,"href":"https:\/\/koller.bz\/index.php?rest_route=\/wp\/v2\/users\/1"}],"replies":[{"embeddable":true,"href":"https:\/\/koller.bz\/index.php?rest_route=%2Fwp%2Fv2%2Fcomments&post=70"}],"version-history":[{"count":28,"href":"https:\/\/koller.bz\/index.php?rest_route=\/wp\/v2\/pages\/70\/revisions"}],"predecessor-version":[{"id":3310,"href":"https:\/\/koller.bz\/index.php?rest_route=\/wp\/v2\/pages\/70\/revisions\/3310"}],"wp:attachment":[{"href":"https:\/\/koller.bz\/index.php?rest_route=%2Fwp%2Fv2%2Fmedia&parent=70"}],"curies":[{"name":"wp","href":"https:\/\/api.w.org\/{rel}","templated":true}]}}